
{"id":18224,"date":"2024-12-24T13:29:57","date_gmt":"2024-12-24T13:29:57","guid":{"rendered":"https:\/\/m4marketscn.wpenginepowered.com\/conditions\/swap-rates\/"},"modified":"2025-12-05T09:49:31","modified_gmt":"2025-12-05T09:49:31","slug":"swap-rates","status":"publish","type":"page","link":"https:\/\/m4marketsglobal.cn\/vi\/conditions\/swap-rates\/","title":{"rendered":"T\u1ef7 gi\u00e1 ho\u00e1n \u0111\u1ed5i"},"content":{"rendered":"","protected":false},"excerpt":{"rendered":"","protected":false},"author":2,"featured_media":0,"parent":18193,"menu_order":4,"comment_status":"closed","ping_status":"closed","template":"templates\/template_flexible.php","meta":{"_acf_changed":false,"footnotes":"","_wp_rev_ctl_limit":""},"class_list":["post-18224","page","type-page","status-publish","hentry"],"acf":[],"_links":{"self":[{"href":"https:\/\/m4marketsglobal.cn\/vi\/wp-json\/wp\/v2\/pages\/18224","targetHints":{"allow":["GET"]}}],"collection":[{"href":"https:\/\/m4marketsglobal.cn\/vi\/wp-json\/wp\/v2\/pages"}],"about":[{"href":"https:\/\/m4marketsglobal.cn\/vi\/wp-json\/wp\/v2\/types\/page"}],"author":[{"embeddable":true,"href":"https:\/\/m4marketsglobal.cn\/vi\/wp-json\/wp\/v2\/users\/2"}],"replies":[{"embeddable":true,"href":"https:\/\/m4marketsglobal.cn\/vi\/wp-json\/wp\/v2\/comments?post=18224"}],"version-history":[{"count":2,"href":"https:\/\/m4marketsglobal.cn\/vi\/wp-json\/wp\/v2\/pages\/18224\/revisions"}],"predecessor-version":[{"id":18732,"href":"https:\/\/m4marketsglobal.cn\/vi\/wp-json\/wp\/v2\/pages\/18224\/revisions\/18732"}],"up":[{"embeddable":true,"href":"https:\/\/m4marketsglobal.cn\/vi\/wp-json\/wp\/v2\/pages\/18193"}],"wp:attachment":[{"href":"https:\/\/m4marketsglobal.cn\/vi\/wp-json\/wp\/v2\/media?parent=18224"}],"curies":[{"name":"wp","href":"https:\/\/api.w.org\/{rel}","templated":true}]}}