
{"id":8435,"date":"2024-12-24T09:34:25","date_gmt":"2024-12-24T09:34:25","guid":{"rendered":"https:\/\/m4marketscn.wpenginepowered.com\/legal-documents\/privacy-policy\/"},"modified":"2025-06-10T13:15:28","modified_gmt":"2025-06-10T13:15:28","slug":"privacy-policy","status":"publish","type":"page","link":"https:\/\/m4marketsglobal.cn\/pt-br\/about\/legal-documents\/privacy-policy\/","title":{"rendered":"Pol\u00edtica de Privacidade e Confidencialidade"},"content":{"rendered":"<p><strong>1. Introdu\u00e7\u00e3o<\/strong><\/p>\n<p>M4Markets \u00e9 o nome comercial da Trinota Markets (Global) Limited, registrada sob o n\u00famero 8425037-1 e regulamentada como Corretora de Valores pela Autoridade de Servi\u00e7os Financeiros de Seychelles, com o n\u00famero de licen\u00e7a SD 035 (doravante denominada &#8220;Empresa&#8221;, &#8220;M4Markets&#8221; ou &#8220;n\u00f3s&#8221;).\u00a0Por favor, leia esta Pol\u00edtica de Privacidade e Confidencialidade para conhecer seus direitos, quais informa\u00e7\u00f5es coletamos, como as utilizamos e protegemos.<\/p>\n<p>&nbsp;<\/p>\n<p><strong>2.\u00a0<\/strong><strong>Compromisso da Empresa com os Clientes<\/strong><\/p>\n<p>Esta Pol\u00edtica de Privacidade define as formas pelas quais a Empresa coleta, utiliza e gerencia as informa\u00e7\u00f5es pessoais recebidas de seus visitantes, clientes ativos e\/ou potenciais que encerraram sua rela\u00e7\u00e3o comercial com a Empresa (doravante referidos como &#8220;Cliente&#8221; e\/ou &#8220;voc\u00ea&#8221;, &#8220;seu&#8221;), ao acessarem ou utilizarem o(s) site(s) e aplicativos m\u00f3veis da Empresa.\u00a0A Empresa est\u00e1 comprometida em proteger a confidencialidade das informa\u00e7\u00f5es pessoais que coleta, utiliza e\/ou armazena, em conformidade com as leis e regulamentos de prote\u00e7\u00e3o de dados aplic\u00e1veis, especialmente a Lei de Prote\u00e7\u00e3o de Dados de 2023 e quaisquer regulamentos ou leis subsequentes adotados pela Rep\u00fablica de Seychelles relativos \u00e0 prote\u00e7\u00e3o de dados (&#8220;Leis de Prote\u00e7\u00e3o de Dados&#8221;).<\/p>\n<p>Nos termos das Leis de Prote\u00e7\u00e3o de Dados, a Empresa com quem voc\u00ea registrou uma conta ou mant\u00e9m uma rela\u00e7\u00e3o comercial \u00e9 a &#8220;Controladora&#8221; dos dados pessoais coletados por meio de e-mails, <button type=\"button\" data-url=\"https:\/\/www.m4marketscn.wpenginepowered.com\/\">https:\/\/www.m4marketscn.wpenginepowered.com\/<\/button>, aplicativos m\u00f3veis e outras plataformas. Caso tenha d\u00favidas sobre o uso dos seus dados pessoais, esta \u00e9 a entidade com quem voc\u00ea deve entrar em contato.\u00a0A Empresa implementou medidas t\u00e9cnicas e organizacionais apropriadas para proteger e garantir a privacidade das suas informa\u00e7\u00f5es. Para esse fim, foi nomeado um Encarregado de Prote\u00e7\u00e3o de Dados, respons\u00e1vel por assegurar que todos os dados pessoais sejam gerenciados ou processados em conformidade com as Leis de Prote\u00e7\u00e3o de Dados e esta Pol\u00edtica de Privacidade.<\/p>\n<p>Ao acessar o site da Empresa e fornecer seus dados pessoais e\/ou informa\u00e7\u00f5es confidenciais, conforme estabelecido nas Leis de Prote\u00e7\u00e3o de Dados e nesta Pol\u00edtica, o Cliente aceita e concorda com seus termos.<\/p>\n<p>&nbsp;<\/p>\n<p><strong>3\u200c. <\/strong><strong>Como e por que coletamos seus dados pessoais<\/strong><\/p>\n<p>Durante o processo de abertura de conta para uma conta demo ou de negocia\u00e7\u00e3o ao vivo, voc\u00ea deve preencher e enviar um formul\u00e1rio de inscri\u00e7\u00e3o fornecendo suas informa\u00e7\u00f5es pessoais (&#8220;Dados Pessoais&#8221;). O fornecimento desses dados nos permite avaliar sua elegibilidade para nossos servi\u00e7os, conforme as leis e regulamentos aplic\u00e1veis. As mesmas informa\u00e7\u00f5es ser\u00e3o usadas pela Empresa para entrar em contato com voc\u00ea sobre os servi\u00e7os oferecidos.<\/p>\n<p>Os Dados Pessoais coletados pela Empresa podem incluir, mas n\u00e3o se limitam a:<\/p>\n<ul>\n<li><strong>Dados de Identidade:<\/strong> Nome, sobrenome, endere\u00e7o, data e local de nascimento, g\u00eanero, pa\u00eds de resid\u00eancia e cidadania, documentos de identidade (passaporte, RG, carteira de motorista), informa\u00e7\u00f5es p\u00fablicas ou presentes em bases de dados de verifica\u00e7\u00e3o de antecedentes.<\/li>\n<li><strong>Dados de Contato:<\/strong> Endere\u00e7o e comprovantes de resid\u00eancia, n\u00fameros de telefone, e-mails.<\/li>\n<li><strong>Dados Fiscais e Financeiros:<\/strong> Declara\u00e7\u00f5es FATCA &amp; CRS, informa\u00e7\u00f5es sobre experi\u00eancia pr\u00e9via em negocia\u00e7\u00f5es, origem da riqueza e dos fundos, sal\u00e1rio anual, contracheques e contratos de trabalho, volumes esperados de negocia\u00e7\u00e3o, tipos de transa\u00e7\u00f5es, resid\u00eancia fiscal e n\u00fameros de identifica\u00e7\u00e3o tribut\u00e1ria, c\u00f3pia do cart\u00e3o de cr\u00e9dito utilizado para financiar a conta, al\u00e9m de outras informa\u00e7\u00f5es financeiras exigidas para estabelecer e manter a conta do Cliente e processar suas ordens conforme as leis e regulamentos aplic\u00e1veis.<\/li>\n<li><strong>Dados T\u00e9cnicos:<\/strong> Endere\u00e7o IP do Cliente, informa\u00e7\u00f5es do navegador.<\/li>\n<li><strong>Dados de Marketing e Comunica\u00e7\u00e3o:<\/strong> Prefer\u00eancias do Cliente quanto ao recebimento de materiais promocionais da Empresa.<\/li>\n<li style=\"list-style-type: none;\"><\/li>\n<\/ul>\n<p>Al\u00e9m das informa\u00e7\u00f5es fornecidas diretamente por voc\u00ea, a Empresa tamb\u00e9m pode processar dados sobre suas transa\u00e7\u00f5es com a Empresa, como os produtos que voc\u00ea negocia, bem como o hist\u00f3rico de suas transa\u00e7\u00f5es, incluindo registros de negocia\u00e7\u00f5es ou investimentos.<\/p>\n<p>&nbsp;<\/p>\n<p><strong>\u200c4. Reten\u00e7\u00e3o de Dados<\/strong><\/p>\n<p>De acordo com as leis e regulamentos aplic\u00e1veis da Autoridade de Servi\u00e7os Financeiros de Seychelles (&#8220;FSA de Seychelles&#8221;), a Empresa manter\u00e1 registros contendo seus Dados Pessoais por um per\u00edodo de sete (7) anos a partir da data de encerramento da rela\u00e7\u00e3o comercial.<\/p>\n<p>&nbsp;<\/p>\n<p><strong>5. Quem Tem Acesso aos Seus Dados Pessoais<\/strong><\/p>\n<p>A Empresa n\u00e3o divulgar\u00e1 suas informa\u00e7\u00f5es confidenciais a terceiros, a menos que seja exigido por uma autoridade regulat\u00f3ria competente, conforme as leis e regulamentos aplic\u00e1veis, haja um interesse leg\u00edtimo ou uma obriga\u00e7\u00e3o legal para tal, ou caso voc\u00ea tenha solicitado e\/ou consentido com a divulga\u00e7\u00e3o. Essa divulga\u00e7\u00e3o ocorrer\u00e1 com base na necessidade de conhecimento, salvo instru\u00e7\u00e3o em contr\u00e1rio por uma autoridade regulat\u00f3ria. Quando a divulga\u00e7\u00e3o for necess\u00e1ria, a Empresa informar\u00e1 expressamente o terceiro sobre a natureza confidencial das informa\u00e7\u00f5es.<\/p>\n<p>Os Dados Pessoais s\u00e3o tratados como confidenciais e podem ser compartilhados dentro da Empresa apenas com funcion\u00e1rios e\/ou parceiros que necessitem das informa\u00e7\u00f5es para operar, desenvolver ou melhorar nossos servi\u00e7os. Essas pessoas est\u00e3o vinculadas a obriga\u00e7\u00f5es de confidencialidade e estar\u00e3o sujeitas a penalidades caso n\u00e3o cumpram essas obriga\u00e7\u00f5es.<\/p>\n<p>Ao aceitar esta Pol\u00edtica de Privacidade, o Cliente autoriza a Empresa a compartilhar e\/ou divulgar as informa\u00e7\u00f5es pessoais fornecidas pelo Cliente com outras entidades do grupo de empresas M4Markets para fins de marketing.\u00a0Se precisar de ajustes ou quiser que eu traduza partes espec\u00edficas de forma diferente, me avise!<\/p>\n<p>&nbsp;<\/p>\n<p>\u200c<strong>6.\u00a0<\/strong><strong>Base Legal para o Uso e\/ou Divulga\u00e7\u00e3o de Dados Pessoais<\/strong><\/p>\n<p>A Empresa coleta e processa Dados Pessoais necess\u00e1rios para a avalia\u00e7\u00e3o, estabelecimento e manuten\u00e7\u00e3o da rela\u00e7\u00e3o contratual entre a Empresa e o Cliente, al\u00e9m de cumprir as leis e regulamentos de prote\u00e7\u00e3o de dados aplic\u00e1veis que regem a presta\u00e7\u00e3o de servi\u00e7os de investimento.<\/p>\n<p>Em alguns casos, a Empresa tamb\u00e9m pode processar os Dados Pessoais do Cliente para atender aos seus interesses leg\u00edtimos ou aos de terceiros, desde que os interesses e direitos fundamentais do Cliente n\u00e3o sejam prejudicados.<\/p>\n<p>Com base nisso, a Empresa pode usar e\/ou divulgar suas informa\u00e7\u00f5es pessoais para um ou mais dos seguintes prop\u00f3sitos:<\/p>\n<ul>\n<li>Em casos em que seja exigido por lei ou por um tribunal;<\/li>\n<li>Em casos em que seja solicitado pela Autoridade de Servi\u00e7os Financeiros de Seychelles (FSA de Seychelles) e\/ou qualquer outra autoridade reguladora;<\/li>\n<li>Em casos em que seja solicitado por ag\u00eancias de preven\u00e7\u00e3o de fraudes, provedores de servi\u00e7os de autentica\u00e7\u00e3o terceirizados, provedores de verifica\u00e7\u00e3o\/triagem e\/ou autoridades competentes que investiguem ou impe\u00e7am fraudes, lavagem de dinheiro e\/ou outras atividades ilegais;<\/li>\n<li>Em casos em que seja necess\u00e1rio para que a Empresa defenda ou exer\u00e7a seus direitos legais perante tribunais, \u00f3rg\u00e3os arbitrais, ombudsman financeiro e\/ou autoridades governamentais;<\/li>\n<li>Para os consultores profissionais da Empresa, desde que, em todos os casos, esses consultores sejam informados sobre a natureza confidencial dessas informa\u00e7\u00f5es e se comprometam com as obriga\u00e7\u00f5es de confidencialidade estabelecidas nesta Pol\u00edtica de Privacidade;<\/li>\n<li>Para confirmar\/verificar sua identidade;<\/li>\n<li>Para avaliar sua adequa\u00e7\u00e3o e\/ou elegibilidade aos produtos e servi\u00e7os que oferecemos;<\/li>\n<li>Para processar suas transa\u00e7\u00f5es;<\/li>\n<li>Para gerenciar a conta que voc\u00ea mant\u00e9m na Empresa;<\/li>\n<li>Para fornecer servi\u00e7os relacionados \u00e0s transa\u00e7\u00f5es e p\u00f3s-transa\u00e7\u00f5es;<\/li>\n<li>Para inform\u00e1-lo sobre produtos e\/ou servi\u00e7os que possam ser do seu interesse;<\/li>\n<li>Para comunicar altera\u00e7\u00f5es na legisla\u00e7\u00e3o que afetam nossos servi\u00e7os e produtos sempre que necess\u00e1rio;<\/li>\n<li>Para fins internos de neg\u00f3cios e manuten\u00e7\u00e3o de registros;<\/li>\n<li>Para mant\u00ea-lo atualizado sobre quest\u00f5es relevantes para sua rela\u00e7\u00e3o comercial conosco;<\/li>\n<li>Para analisar dados estat\u00edsticos que nos permitam oferecer melhores produtos e\/ou servi\u00e7os;<\/li>\n<li>Para aprimorar os controles de seguran\u00e7a das redes e sistemas da Empresa;<\/li>\n<li>Para identificar, avaliar, mitigar, prevenir e investigar atividades fraudulentas proibidas pela legisla\u00e7\u00e3o aplic\u00e1vel;<\/li>\n<li>Para especialistas em tecnologia nomeados pela Empresa para garantir o funcionamento adequado das plataformas de sistemas;<\/li>\n<li>Para provedores de servi\u00e7os de pagamento\/institui\u00e7\u00f5es de cr\u00e9dito que facilitem pagamentos de entrada e sa\u00edda dos Clientes;<\/li>\n<li>Para autoridades governamentais e \u00f3rg\u00e3os reguladores;<\/li>\n<li>Para provedores de servi\u00e7os de relat\u00f3rios de dados para cumprimento de obriga\u00e7\u00f5es regulat\u00f3rias;<\/li>\n<li>Para outras empresas do grupo M4Markets para fins de marketing;<\/li>\n<li>Mediante solicita\u00e7\u00e3o do Cliente.<\/li>\n<\/ul>\n<p>&nbsp;<\/p>\n<p>A Empresa deve cumprir os regulamentos contra lavagem de dinheiro, portanto, c\u00f3pias f\u00edsicas e\/ou eletr\u00f4nicas devem ser armazenadas como evid\u00eancia. Al\u00e9m disso, as medidas adotadas pela Empresa em rela\u00e7\u00e3o \u00e0 verifica\u00e7\u00e3o de identidade, origem de renda e patrim\u00f4nio, monitoramento de suas transa\u00e7\u00f5es, comunica\u00e7\u00f5es via telefone\/mensagem\/e-mail e hist\u00f3rico de transa\u00e7\u00f5es devem ser mantidas para que a Empresa possa demonstrar aos reguladores que est\u00e1 atuando em conformidade com a legisla\u00e7\u00e3o.<\/p>\n<p>Caso n\u00e3o haja uma base legal para o uso dos seus dados pessoais conforme mencionado acima, ser\u00e1 necess\u00e1rio obter o seu consentimento. A Empresa solicitar\u00e1 seu consentimento para o fornecimento de informa\u00e7\u00f5es de marketing sobre produtos e servi\u00e7os oferecidos, de acordo com o Contrato de Servi\u00e7os ao Cliente firmado entre as partes e\/ou por outros meios de comunica\u00e7\u00e3o que a Empresa possa utilizar ocasionalmente. Voc\u00ea pode retirar esse consentimento a qualquer momento enviando um e-mail para <a href=\"mailto:dpo@m4markets.com\">dpo@m4markets.com<\/a><\/p>\n<p>&nbsp;<\/p>\n<p><strong>7\u200c. Cookies<\/strong><\/p>\n<p>A Empresa utiliza cookies para coletar informa\u00e7\u00f5es sobre o acesso do Cliente ao site <button type=\"button\" data-url=\"https:\/\/www.m4marketscn.wpenginepowered.com\">www.m4marketscn.wpenginepowered.com<\/button> e outros servi\u00e7os oferecidos.<\/p>\n<p>A Empresa pode compartilhar estat\u00edsticas de uso do site com empresas de publicidade reconhecidas e empresas afiliadas. Vale ressaltar que as informa\u00e7\u00f5es coletadas por essas empresas n\u00e3o s\u00e3o pessoalmente identific\u00e1veis. Para administrar e melhorar os servi\u00e7os oferecidos no site, a Empresa pode utilizar terceiros para rastrear e analisar o volume e uso de informa\u00e7\u00f5es estat\u00edsticas. Esses terceiros podem usar cookies para monitorar o comportamento do usu\u00e1rio e definir cookies em nome da Empresa. Esses cookies n\u00e3o cont\u00eam nenhuma informa\u00e7\u00e3o pessoalmente identific\u00e1vel.<\/p>\n<p>A maioria dos navegadores de internet est\u00e1 configurada para aceitar cookies. Caso o Cliente n\u00e3o deseje receb\u00ea-los, poder\u00e1 alterar as configura\u00e7\u00f5es do navegador para recusar cookies ou selecionar quais deseja aceitar. No entanto, \u00e9 altamente recomendado que o Cliente permita cookies no site da Empresa para garantir a melhor experi\u00eancia poss\u00edvel. A desativa\u00e7\u00e3o dos cookies pode resultar em redu\u00e7\u00e3o no desempenho do site e da plataforma de negocia\u00e7\u00e3o, al\u00e9m de impactar a qualidade dos servi\u00e7os prestados pela Empresa em rela\u00e7\u00e3o \u00e0 conta de negocia\u00e7\u00e3o do Cliente.<\/p>\n<p>&nbsp;<\/p>\n<p><strong>\u200c8. Seguran\u00e7a<\/strong><\/p>\n<p>A privacidade e a confidencialidade das suas informa\u00e7\u00f5es pessoais s\u00e3o de extrema import\u00e2ncia para a Empresa. Medidas de seguran\u00e7a apropriadas s\u00e3o adotadas para evitar o acesso n\u00e3o autorizado, altera\u00e7\u00e3o, divulga\u00e7\u00e3o ou destrui\u00e7\u00e3o de dados e informa\u00e7\u00f5es pessoais.<\/p>\n<p>Os Dados Pessoais fornecidos para abertura de conta (como o Question\u00e1rio de Perfil Econ\u00f4mico) s\u00e3o altamente protegidos. Essas informa\u00e7\u00f5es podem ser acessadas exclusivamente pelo Cliente por meio da senha e login escolhidos. A Empresa recomenda fortemente que a senha seja armazenada com seguran\u00e7a e n\u00e3o seja compartilhada com terceiros.\u00a0Al\u00e9m disso, essas informa\u00e7\u00f5es s\u00e3o armazenadas nos servidores da Empresa, acess\u00edveis apenas por funcion\u00e1rios autorizados mediante permiss\u00f5es de acesso. A Empresa criptografa todos esses dados para impedir que partes n\u00e3o autorizadas os visualizem ou acessem.<\/p>\n<p>&nbsp;<\/p>\n<p><strong>9\u200c. Seus Direitos<\/strong><\/p>\n<p>Voc\u00ea tem os seguintes direitos em rela\u00e7\u00e3o aos seus Dados Pessoais, de acordo com as Leis de Prote\u00e7\u00e3o de Dados:<\/p>\n<ul>\n<li><strong>Direito de Acesso:<\/strong> Voc\u00ea tem o direito de ser informado sobre se e em quais circunst\u00e2ncias a Empresa est\u00e1 processando seus Dados Pessoais, e a Empresa deve fornecer uma c\u00f3pia desses dados sempre que solicitado.\n<p>&nbsp;<\/li>\n<li><strong>Direito de Retifica\u00e7\u00e3o:<\/strong> Voc\u00ea pode solicitar a altera\u00e7\u00e3o dos seus Dados Pessoais para corrigir ou completar informa\u00e7\u00f5es (dados atualizados).\n<p>&nbsp;<\/li>\n<li><strong>Direito de Apagamento:<\/strong> Voc\u00ea pode solicitar a exclus\u00e3o dos seus Dados Pessoais em determinadas circunst\u00e2ncias, por exemplo, se o seu consentimento foi retirado. No entanto, essa solicita\u00e7\u00e3o estar\u00e1 sempre sujeita a requisitos legais e regulat\u00f3rios aplic\u00e1veis.\n<p>&nbsp;<\/li>\n<li><strong>Direito de Restri\u00e7\u00e3o de Processamento:<\/strong> Voc\u00ea pode solicitar que a Empresa limite o uso dos seus Dados Pessoais caso eles n\u00e3o sejam precisos, tenham sido utilizados de forma ilegal ou n\u00e3o sejam mais relevantes. Esse direito n\u00e3o \u00e9 absoluto e s\u00f3 se aplica em certas situa\u00e7\u00f5es. Quando o processamento \u00e9 restrito, a Empresa ainda pode armazenar os Dados Pessoais, mas n\u00e3o utiliz\u00e1-los.\n<p>&nbsp;<\/li>\n<li><strong>Direito \u00e0 Portabilidade de Dados:<\/strong> Voc\u00ea pode solicitar seus Dados Pessoais em um formato leg\u00edvel para seu pr\u00f3prio uso.\n<p>&nbsp;<\/li>\n<li><strong>Direito de Oposi\u00e7\u00e3o:<\/strong> Voc\u00ea pode solicitar que a Empresa interrompa o processamento dos seus Dados Pessoais, e a Empresa atender\u00e1 ao pedido se: a) n\u00e3o conseguir demonstrar raz\u00f5es leg\u00edtimas para continuar o processamento ou b) estiver processando os Dados Pessoais do Cliente para fins de marketing.\n<p>&nbsp;<\/li>\n<li><strong>Direito de Retirar o Consentimento:<\/strong> Voc\u00ea pode retirar qualquer consentimento dado \u00e0 Empresa a qualquer momento, quando ela se baseia no consentimento para processar seus Dados Pessoais.<\/li>\n<\/ul>\n<p>\u200c<\/p>\n<p><strong>10. Obriga\u00e7\u00e3o do Cliente<\/strong><\/p>\n<p>A Empresa \u00e9 obrigada a obter e manter os Dados Pessoais do Cliente de acordo com as leis e regulamentos aplic\u00e1veis. Assim, o Cliente tem a obriga\u00e7\u00e3o de fornecer \u00e0 Empresa informa\u00e7\u00f5es precisas e completas, al\u00e9m de atualiz\u00e1-las imediatamente caso haja qualquer altera\u00e7\u00e3o.<\/p>\n<p>Caso o Cliente n\u00e3o forne\u00e7a os Dados Pessoais solicitados, a Empresa ter\u00e1 o direito de interromper a presta\u00e7\u00e3o de servi\u00e7os ao Cliente.<\/p>\n<p>&nbsp;<\/p>\n<p><strong>11. Reclama\u00e7\u00f5es sobre o Uso de Dados Pessoais<\/strong><\/p>\n<p>Se voc\u00ea acredita que a Empresa n\u00e3o utiliza seus dados pessoais de maneira adequada, pode apresentar uma reclama\u00e7\u00e3o \u00e0 Comiss\u00e3o de Informa\u00e7\u00e3o de Seychelles. Mais detalhes est\u00e3o dispon\u00edveis no seguinte link: <a href=\"https:\/\/www.infocom.sc\/\">https:\/\/www.infocom.sc\/<\/a><\/p>\n<p>&nbsp;<\/p>\n<p><strong>12. Altera\u00e7\u00f5es na Pol\u00edtica<\/strong><\/p>\n<p>A Empresa reserva-se o direito de modificar esta Pol\u00edtica de Privacidade e Confidencialidade periodicamente, por qualquer motivo. O Cliente ser\u00e1 notificado sobre tais altera\u00e7\u00f5es por meio da publica\u00e7\u00e3o de uma vers\u00e3o atualizada no site da Empresa.\u00a0O Cliente \u00e9 respons\u00e1vel por revisar regularmente esta Pol\u00edtica de Privacidade e Confidencialidade. O uso do site ap\u00f3s a publica\u00e7\u00e3o das altera\u00e7\u00f5es constituir\u00e1 a aceita\u00e7\u00e3o dessas mudan\u00e7as.<\/p>\n<p>&nbsp;<\/p>\n<p><strong>13. Aviso Legal<\/strong><\/p>\n<p>A Empresa n\u00e3o ser\u00e1 respons\u00e1vel por uso indevido ou perda de informa\u00e7\u00f5es\/dados pessoais resultantes de cookies nos sites da Empresa, sobre os quais n\u00e3o tem acesso ou controle. A Empresa tamb\u00e9m n\u00e3o ser\u00e1 respons\u00e1vel por uso ilegal ou n\u00e3o autorizado das informa\u00e7\u00f5es pessoais\/dados n\u00e3o p\u00fablicos do Cliente devido ao uso indevido ou extravio de senhas, a\u00e7\u00f5es negligentes ou mal-intencionadas.<\/p>\n<p>A Empresa reserva-se o direito de divulgar suas informa\u00e7\u00f5es pessoais identific\u00e1veis conforme exigido por regulamentos e quando acreditar que a divulga\u00e7\u00e3o \u00e9 necess\u00e1ria para proteger seus direitos e\/ou cumprir um processo judicial, ordem judicial ou procedimento legal. A Empresa n\u00e3o ser\u00e1 respons\u00e1vel por uso indevido ou perda de informa\u00e7\u00f5es pessoais causados por cookies em seus sites, sobre os quais n\u00e3o tem controle, nem por uso ilegal ou n\u00e3o autorizado de suas informa\u00e7\u00f5es pessoais devido ao extravio ou mau uso de senhas, a\u00e7\u00f5es negligentes ou mal-intencionadas.<\/p>\n<p>Informa\u00e7\u00f5es adicionais sobre a Pol\u00edtica de Privacidade da Empresa est\u00e3o dispon\u00edveis mediante solicita\u00e7\u00e3o.<\/p>\n<p>&nbsp;<\/p>\n<p><strong>Os dados de contato da Empresa s\u00e3o:<\/strong><\/p>\n<p><strong>Tel:<\/strong> (+248) 4374220<\/p>\n<p><strong>Email<\/strong>: <a href=\"mailto:support@m4markets.com\">support@m4markets.com<\/a><\/p>\n<p><strong>Endere\u00e7o:<\/strong>\u00a0JUC Building, Office No.F4, Providence Zone 18, Mahe, Seychelles<\/p>\n","protected":false},"excerpt":{"rendered":"<p>1. Introdu\u00e7\u00e3o M4Markets \u00e9 o nome comercial da Trinota Markets (Global) Limited, registrada sob o n\u00famero 8425037-1 e regulamentada como&#8230;<\/p>\n","protected":false},"author":2,"featured_media":0,"parent":8434,"menu_order":50,"comment_status":"closed","ping_status":"closed","template":"templates\/template-general.php","meta":{"_acf_changed":false,"footnotes":"","_wp_rev_ctl_limit":""},"class_list":["post-8435","page","type-page","status-publish","hentry"],"acf":[],"_links":{"self":[{"href":"https:\/\/m4marketsglobal.cn\/pt-br\/wp-json\/wp\/v2\/pages\/8435","targetHints":{"allow":["GET"]}}],"collection":[{"href":"https:\/\/m4marketsglobal.cn\/pt-br\/wp-json\/wp\/v2\/pages"}],"about":[{"href":"https:\/\/m4marketsglobal.cn\/pt-br\/wp-json\/wp\/v2\/types\/page"}],"author":[{"embeddable":true,"href":"https:\/\/m4marketsglobal.cn\/pt-br\/wp-json\/wp\/v2\/users\/2"}],"replies":[{"embeddable":true,"href":"https:\/\/m4marketsglobal.cn\/pt-br\/wp-json\/wp\/v2\/comments?post=8435"}],"version-history":[{"count":1,"href":"https:\/\/m4marketsglobal.cn\/pt-br\/wp-json\/wp\/v2\/pages\/8435\/revisions"}],"predecessor-version":[{"id":9246,"href":"https:\/\/m4marketsglobal.cn\/pt-br\/wp-json\/wp\/v2\/pages\/8435\/revisions\/9246"}],"up":[{"embeddable":true,"href":"https:\/\/m4marketsglobal.cn\/pt-br\/wp-json\/wp\/v2\/pages\/8434"}],"wp:attachment":[{"href":"https:\/\/m4marketsglobal.cn\/pt-br\/wp-json\/wp\/v2\/media?parent=8435"}],"curies":[{"name":"wp","href":"https:\/\/api.w.org\/{rel}","templated":true}]}}